{"id":498,"date":"2021-08-06T08:39:25","date_gmt":"2021-08-06T07:39:25","guid":{"rendered":"https:\/\/packaging-solutions.focke.com\/?page_id=498"},"modified":"2023-06-02T12:41:24","modified_gmt":"2023-06-02T10:41:24","slug":"your-industry","status":"publish","type":"page","link":"https:\/\/packaging-solutions.focke.com\/de\/your-industry\/","title":{"rendered":"Your Industry"},"content":{"rendered":"<div  class=\"content_row row vc_row wpb_row  default-style fullwidth border-top\" >\n\t\n\t<div class=\"content_row_wrapper  fullwidth\" style=\"padding-top:25px;padding-bottom:60px;padding-left:20px;padding-right:20px;\"><div class=\"vc_col-sm-8 wpb_column vc_column_container\">\n\t\t<div class=\"wpb_wrapper\">\n\t\t\t\n\t<div class=\"wpb_text_column wpb_content_element  vc_custom_1628235448686\" >\n\t\t<div class=\"wpb_wrapper\">\n\t\t\t<p><img loading=\"lazy\" decoding=\"async\" class=\"alignnone wp-image-100\" src=\"https:\/\/packaging-solutions.focke.com\/wp-content\/uploads\/2021\/02\/blueline-e1614265912804.gif\" alt=\"line\" width=\"154\" height=\"12\" \/><\/p>\n<h1>VERPACKUNGSLINIEN:<br \/>\nAUTOMATISIERT UND EFFIZIENT<\/h1>\n\n\t\t<\/div>\n\t<\/div>\n\n\t\t<\/div>\n\t<\/div>\n\n\t<div class=\"vc_col-sm-4 wpb_column vc_column_container\">\n\t\t<div class=\"wpb_wrapper\">\n\t\t\t\n\t\t<\/div>\n\t<\/div>\n<\/div>\n<\/div>\n\n<div  class=\"content_row row vc_row wpb_row  default-style fullwidth\" >\n\t\n\t<div class=\"content_row_wrapper  fullwidth\" style=\"padding-bottom:60px;padding-left:20px;padding-right:20px;\"><div class=\"vc_col-sm-3 wpb_column vc_column_container\">\n\t\t<div class=\"wpb_wrapper\">\n\t\t\t\n\t<div  class=\"wpb_single_image wpb_content_element vc_align_left\">\n\t\t\n\t\t<figure class=\"wpb_wrapper vc_figure\">\n\t\t\t<a href=\"https:\/\/packaging-solutions.focke.com\/de\/your-industry\/savoury-snacks\/\" target=\"_self\" class=\"vc_single_image-wrapper   vc_box_border_grey\"><img loading=\"lazy\" decoding=\"async\" width=\"800\" height=\"547\" src=\"https:\/\/packaging-solutions.focke.com\/wp-content\/uploads\/2023\/06\/Savoury-Snacks_Variante-2.png\" class=\"vc_single_image-img attachment-full\" alt=\"\" srcset=\"https:\/\/packaging-solutions.focke.com\/wp-content\/uploads\/2023\/06\/Savoury-Snacks_Variante-2.png 800w, https:\/\/packaging-solutions.focke.com\/wp-content\/uploads\/2023\/06\/Savoury-Snacks_Variante-2-300x205.png 300w, https:\/\/packaging-solutions.focke.com\/wp-content\/uploads\/2023\/06\/Savoury-Snacks_Variante-2-768x525.png 768w\" sizes=\"auto, (max-width: 800px) 100vw, 800px\" \/><\/a>\n\t\t<\/figure>\n\t<\/div>\n\n\t<div class=\"wpb_text_column wpb_content_element\" >\n\t\t<div class=\"wpb_wrapper\">\n\t\t\t<h4>SAVOURY SNACKS<\/h4>\n<p>FOCKE &amp; CO bietet speziell auf die Snackindustrie zugeschnittene Verpackungsl\u00f6sungen.<\/p>\n\n\t\t<\/div>\n\t<\/div>\n<div class=\"button_wrapper  alignleft\"><a  href=\"https:\/\/packaging-solutions.focke.com\/de\/your-industry\/savoury-snacks\/\" target=\"_self\" title=\"MEHR\" class=\"button_  heading-font custom small\" style=\"color:#ffffff;background-color:#002e52;font-size:14px;padding-top:10px;padding-bottom:10px;padding-left:10px;padding-right:10px;\" data-hover-style=\"color:#000000 !important;background-color:#84d1f1 !important;\">MEHR<\/a><\/div>\n\t\t<\/div>\n\t<\/div>\n\n\t<div class=\"vc_col-sm-3 wpb_column vc_column_container\">\n\t\t<div class=\"wpb_wrapper\">\n\t\t\t\n\t<div  class=\"wpb_single_image wpb_content_element vc_align_left\">\n\t\t\n\t\t<figure class=\"wpb_wrapper vc_figure\">\n\t\t\t<a href=\"https:\/\/packaging-solutions.focke.com\/de\/your-industry\/nonwovens\/\" target=\"_self\" class=\"vc_single_image-wrapper   vc_box_border_grey\"><img loading=\"lazy\" decoding=\"async\" width=\"800\" height=\"547\" src=\"https:\/\/packaging-solutions.focke.com\/wp-content\/uploads\/2023\/06\/Nonwovens_Variante-2.png\" class=\"vc_single_image-img attachment-full\" alt=\"\" srcset=\"https:\/\/packaging-solutions.focke.com\/wp-content\/uploads\/2023\/06\/Nonwovens_Variante-2.png 800w, https:\/\/packaging-solutions.focke.com\/wp-content\/uploads\/2023\/06\/Nonwovens_Variante-2-300x205.png 300w, https:\/\/packaging-solutions.focke.com\/wp-content\/uploads\/2023\/06\/Nonwovens_Variante-2-768x525.png 768w\" sizes=\"auto, (max-width: 800px) 100vw, 800px\" \/><\/a>\n\t\t<\/figure>\n\t<\/div>\n\n\t<div class=\"wpb_text_column wpb_content_element\" >\n\t\t<div class=\"wpb_wrapper\">\n\t\t\t<h4>NONWOVENS<\/h4>\n<p>FOCKE &amp; CO bietet \u00f6konomische Verpackungsl\u00f6sungen, auch im Highspeed-Bereich, f\u00fcr verschiedenste Anwendungen in der Hygieneindustrie.<\/p>\n\n\t\t<\/div>\n\t<\/div>\n<div class=\"button_wrapper  alignleft\"><a  href=\"https:\/\/packaging-solutions.focke.com\/de\/your-industry\/nonwovens\/\" target=\"_self\" title=\"MEHR\" class=\"button_  heading-font custom small\" style=\"color:#ffffff;background-color:#002e52;font-size:14px;padding-top:10px;padding-bottom:10px;padding-left:10px;padding-right:10px;\" data-hover-style=\"color:#000000 !important;background-color:#84d1f1 !important;\">MEHR<\/a><\/div>\n\t\t<\/div>\n\t<\/div>\n\n\t<div class=\"vc_col-sm-3 wpb_column vc_column_container\">\n\t\t<div class=\"wpb_wrapper\">\n\t\t\t\n\t\t<\/div>\n\t<\/div>\n\n\t<div class=\"vc_col-sm-3 wpb_column vc_column_container\">\n\t\t<div class=\"wpb_wrapper\">\n\t\t\t\n\t\t<\/div>\n\t<\/div>\n<\/div>\n<\/div>\n\n<div  class=\"content_row row vc_row wpb_row  alt-style-1 fullwidth\" style=\"background-color: #84d1f1;\">\n\t\n\t<div class=\"content_row_wrapper  align-contents content-align-middle default\" style=\"padding-top:30px;padding-bottom:30px;padding-left:20px;padding-right:20px;\">\n\t<div class=\"vc_col-sm-12 wpb_column vc_column_container\">\n\t\t<div class=\"wpb_wrapper\">\n\t\t\t<div class=\"vc_empty_space\"   style=\"height: 40px\"><span class=\"vc_empty_space_inner\"><\/span><\/div>\n\t<div class=\"wpb_text_column wpb_content_element\" >\n\t\t<div class=\"wpb_wrapper\">\n\t\t\t<h3 style=\"text-align: center;\"><img loading=\"lazy\" decoding=\"async\" class=\"aligncenter wp-image-528\" src=\"https:\/\/packaging-solutions.focke.com\/wp-content\/uploads\/2021\/08\/plane.png\" alt=\"plane\" width=\"76\" height=\"76\" srcset=\"https:\/\/packaging-solutions.focke.com\/wp-content\/uploads\/2021\/08\/plane.png 200w, https:\/\/packaging-solutions.focke.com\/wp-content\/uploads\/2021\/08\/plane-150x150.png 150w, https:\/\/packaging-solutions.focke.com\/wp-content\/uploads\/2021\/08\/plane-12x12.png 12w\" sizes=\"auto, (max-width: 76px) 100vw, 76px\" \/>LET\u2019S TALK ABOUT YOUR APPLICATION<\/h3>\n\n\t\t<\/div>\n\t<\/div>\n<div class=\"button_wrapper  aligncenter\"><a  href=\"https:\/\/packaging-solutions.focke.com\/de\/contact-us\/\" target=\"_self\" title=\"CONTACT US &gt;\" class=\"button_  heading-font custom medium\" style=\"color:#ffffff;background-color:#84d1f1;font-size:20px;padding-top:10px;padding-bottom:10px;padding-left:10px;padding-right:10px;\" data-hover-style=\"color:#ffffff !important;background-color:#585f64 !important;\">CONTACT US &gt;<\/a><\/div><div class=\"vc_empty_space\"   style=\"height: 40px\"><span class=\"vc_empty_space_inner\"><\/span><\/div>\n\t\t<\/div>\n\t<\/div>\n\n<\/div>\n<\/div>\n\n<div  class=\"content_row row vc_row wpb_row  default-style fullwidth\" >\n\t\n\t<div class=\"content_row_wrapper  fullwidth\" >\n\t<div class=\"vc_col-sm-12 wpb_column vc_column_container\">\n\t\t<div class=\"wpb_wrapper\">\n\t\t\t<div class=\"templatera_shortcode\">\n<div  class=\"content_row row vc_row wpb_row  default-style fullwidth\" style=\"background-color: #eff0f1;\">\n\t\n\t<div class=\"content_row_wrapper  default\" style=\"padding-top:80px;padding-bottom:80px;padding-left:0px;padding-right:0px;\">\n\t<div class=\"vc_col-sm-12 wpb_column vc_column_container\">\n\t\t<div class=\"wpb_wrapper\">\n\t\t\t\n<div  class=\"content_row row vc_row wpb_row vc_inner  global-style\" >\n\t\n\t<div class=\"content_row_wrapper\" ><div class=\"vc_col-sm-3 wpb_column vc_column_container\">\n\t\t<div class=\"wpb_wrapper\">\n\t\t\t\n\t\t<\/div>\n\t<\/div>\n\n\t<div class=\"vc_col-sm-3 wpb_column vc_column_container\">\n\t\t<div class=\"wpb_wrapper\">\n\t\t\t\n\t<div class=\"wpb_text_column wpb_content_element\" >\n\t\t<div class=\"wpb_wrapper\">\n\t\t\t<p><span style=\"color: #000000;\">Cigarette Packaging &amp; OTP<\/span><br \/>\n<span style=\"color: #000000;\"><span class=\"font-bold text-black\"><strong>Focke &amp; Co. (GmbH &amp; Co. KG)<\/strong><br \/>\n<\/span>Siemensstr. 10<\/span><br \/>\n<span style=\"color: #000000;\">27283 Verden, Deutschland<\/span><br \/>\n<span style=\"color: #000000;\">Tel.: +49 4231 891-0<\/span><br \/>\n<a href=\"mailto:sales@focke.de\">sales@focke.de<\/a><\/p>\n\n\t\t<\/div>\n\t<\/div>\n\n\t\t<\/div>\n\t<\/div>\n\n\t<div class=\"vc_col-sm-3 wpb_column vc_column_container\">\n\t\t<div class=\"wpb_wrapper\">\n\t\t\t\n\t<div class=\"wpb_text_column wpb_content_element\" >\n\t\t<div class=\"wpb_wrapper\">\n\t\t\t<p><span style=\"color: #000000;\"><span class=\"font-bold text-black\">Hygiene &amp; Tissue | Food &amp; Consumer<strong><br \/>\nFocke Packaging Solutions GmbH<\/strong><br \/>\n<\/span>Industriestr. 17<\/span><br \/>\n<span style=\"color: #000000;\">26676 Bar\u00dfel, Deutschland<\/span><br \/>\n<span style=\"color: #000000;\">Tel.: +49 4499 82-0<\/span><br \/>\n<a href=\"mailto:packaging-solutions@focke.de\"> packaging-solutions@focke.de<\/a><\/p>\n\n\t\t<\/div>\n\t<\/div>\n\n\t\t<\/div>\n\t<\/div>\n\n\t<div class=\"vc_col-sm-3 wpb_column vc_column_container\">\n\t\t<div class=\"wpb_wrapper\">\n\t\t\t\n\t\t<\/div>\n\t<\/div>\n<\/div>\n<\/div>\n\n\t\t<\/div>\n\t<\/div>\n\n<\/div>\n<\/div>\n\n<div  class=\"content_row row vc_row wpb_row  alt-style-2 fullwidth\" style=\"background-color: #575f65;\">\n\t\n\t<div class=\"content_row_wrapper  default\" style=\"padding-top:40px;padding-bottom:40px;padding-left:0px;padding-right:0px;\">\n\t<div class=\"vc_col-sm-12 wpb_column vc_column_container\">\n\t\t<div class=\"wpb_wrapper\">\n\t\t\t\n<div  class=\"content_row row vc_row wpb_row vc_inner  global-style\" >\n\t\n\t<div class=\"content_row_wrapper\" ><div class=\"vc_col-sm-3 wpb_column vc_column_container\">\n\t\t<div class=\"wpb_wrapper\">\n\t\t\t\n\t\t<\/div>\n\t<\/div>\n\n\t<div class=\"vc_col-sm-3 wpb_column vc_column_container\">\n\t\t<div class=\"wpb_wrapper\">\n\t\t\t<div  class=\"vc_wp_custommenu wpb_content_element\"><div class=\"widget widget_nav_menu\"><div class=\"menu-industry-footer-container\"><ul id=\"menu-industry-footer\" class=\"menu\"><li id=\"menu-item-632\" class=\"menu-item menu-item-type-post_type menu-item-object-page menu-item-632\"><a href=\"https:\/\/packaging-solutions.focke.com\/de\/your-industry\/\">Your Industry<\/a><\/li>\n<li id=\"menu-item-955\" class=\"menu-item menu-item-type-post_type menu-item-object-page menu-item-955\"><a href=\"https:\/\/packaging-solutions.focke.com\/de\/your-industry\/nonwovens\/\">Nonwovens<\/a><\/li>\n<li id=\"menu-item-956\" class=\"menu-item menu-item-type-post_type menu-item-object-page menu-item-956\"><a href=\"https:\/\/packaging-solutions.focke.com\/de\/your-industry\/savoury-snacks\/\">Savoury Snacks<\/a><\/li>\n<\/ul><\/div><\/div><\/div>\n\t\t<\/div>\n\t<\/div>\n\n\t<div class=\"vc_col-sm-3 wpb_column vc_column_container\">\n\t\t<div class=\"wpb_wrapper\">\n\t\t\t<div  class=\"vc_wp_custommenu wpb_content_element\"><div class=\"widget widget_nav_menu\"><div class=\"menu-work-footer-container\"><ul id=\"menu-work-footer\" class=\"menu\"><li id=\"menu-item-633\" class=\"menu-item menu-item-type-post_type menu-item-object-page menu-item-633\"><a href=\"https:\/\/packaging-solutions.focke.com\/de\/how-we-work\/\">How we work<\/a><\/li>\n<li id=\"menu-item-488\" class=\"menu-item menu-item-type-post_type menu-item-object-page menu-item-488\"><a href=\"https:\/\/packaging-solutions.focke.com\/de\/insights\/\">Insights<\/a><\/li>\n<li id=\"menu-item-487\" class=\"menu-item menu-item-type-post_type menu-item-object-page menu-item-487\"><a href=\"https:\/\/packaging-solutions.focke.com\/de\/contact-us\/\">Kontakt<\/a><\/li>\n<\/ul><\/div><\/div><\/div>\n\t<div class=\"wpb_text_column wpb_content_element\" >\n\t\t<div class=\"wpb_wrapper\">\n\t\t\t<p><a href=\"https:\/\/de.linkedin.com\/company\/focke-&amp;-co\"><img loading=\"lazy\" decoding=\"async\" class=\"alignnone wp-image-491\" src=\"https:\/\/packaging-solutions.focke.com\/wp-content\/uploads\/2021\/08\/icon_linkedin.png\" alt=\"LinkedIn\" width=\"40\" height=\"40\" srcset=\"https:\/\/packaging-solutions.focke.com\/wp-content\/uploads\/2021\/08\/icon_linkedin.png 612w, https:\/\/packaging-solutions.focke.com\/wp-content\/uploads\/2021\/08\/icon_linkedin-300x300.png 300w, https:\/\/packaging-solutions.focke.com\/wp-content\/uploads\/2021\/08\/icon_linkedin-150x150.png 150w, https:\/\/packaging-solutions.focke.com\/wp-content\/uploads\/2021\/08\/icon_linkedin-12x12.png 12w\" sizes=\"auto, (max-width: 40px) 100vw, 40px\" \/><\/a>\u00a0 \u00a0\u00a0<a href=\"https:\/\/www.youtube.com\/channel\/UCThUMYcHjbwGXAKrRu1BKTg\"><img loading=\"lazy\" decoding=\"async\" class=\"alignnone wp-image-492\" src=\"https:\/\/packaging-solutions.focke.com\/wp-content\/uploads\/2021\/08\/icon_youtube-1.png\" alt=\"Youtube\" width=\"58\" height=\"40\" srcset=\"https:\/\/packaging-solutions.focke.com\/wp-content\/uploads\/2021\/08\/icon_youtube-1.png 893w, https:\/\/packaging-solutions.focke.com\/wp-content\/uploads\/2021\/08\/icon_youtube-1-300x206.png 300w, https:\/\/packaging-solutions.focke.com\/wp-content\/uploads\/2021\/08\/icon_youtube-1-768x526.png 768w, https:\/\/packaging-solutions.focke.com\/wp-content\/uploads\/2021\/08\/icon_youtube-1-16x12.png 16w\" sizes=\"auto, (max-width: 58px) 100vw, 58px\" \/><\/a><\/p>\n\n\t\t<\/div>\n\t<\/div>\n\n\t\t<\/div>\n\t<\/div>\n\n\t<div class=\"vc_col-sm-3 wpb_column vc_column_container\">\n\t\t<div class=\"wpb_wrapper\">\n\t\t\t\n\t\t<\/div>\n\t<\/div>\n<\/div>\n<\/div>\n\n\t\t<\/div>\n\t<\/div>\n\n<\/div>\n<\/div>\n\n<div  class=\"content_row row vc_row wpb_row  default-style fullwidth has-bg-image\" style=\"background-image: url(https:\/\/packaging-solutions.focke.com\/wp-content\/uploads\/2021\/06\/blue_footer-scaled.jpg);background-repeat: no-repeat;background-size: cover;background-attachment: scroll;background-position: center center;\">\n\t\n\t<div class=\"content_row_wrapper  fullwidth\" style=\"padding-bottom:0px;\">\n\t<div class=\"vc_col-sm-12 vc_hidden-xs wpb_column vc_column_container\">\n\t\t<div class=\"wpb_wrapper\">\n\t\t\t\n\t<div class=\"wpb_text_column wpb_content_element  vc_custom_1628780994648\" >\n\t\t<div class=\"wpb_wrapper\">\n\t\t\t<p style=\"text-align: center; font-size: 12px;\"><a href=\"https:\/\/packaging-solutions.focke.com\/de\/imprint\/\">IMPRESSUM<\/a> \u00a0| \u00a0<a href=\"https:\/\/packaging-solutions.focke.com\/de\/data-protection\/\">DATENSCHUTZERKL\u00c4RUNG<\/a><\/p>\n\n\t\t<\/div>\n\t<\/div>\n\n\t\t<\/div>\n\t<\/div>\n\n<\/div>\n<\/div>\n\n<div  class=\"content_row row vc_row wpb_row  default-style fullwidth has-bg-image\" style=\"background-image: url(https:\/\/packaging-solutions.focke.com\/wp-content\/uploads\/2021\/06\/blue_footer-scaled.jpg);background-repeat: no-repeat;background-size: cover;background-attachment: scroll;background-position: center center;background-color: #431493;\">\n\t\n\t<div class=\"content_row_wrapper  nopadding fullwidth\" >\n\t<div class=\"vc_col-sm-12 vc_hidden-lg vc_hidden-md vc_hidden-sm wpb_column vc_column_container\">\n\t\t<div class=\"wpb_wrapper\">\n\t\t\t\n\t<div class=\"wpb_text_column wpb_content_element  vc_custom_1628779840598\" >\n\t\t<div class=\"wpb_wrapper\">\n\t\t\t<p style=\"text-align: center; font-size: 12px;\"><a href=\"https:\/\/packaging-solutions.focke.com\/de\/imprint\/\">IMPRESSUM<\/a> \u00a0| \u00a0<a href=\"https:\/\/packaging-solutions.focke.com\/de\/data-protection\/\">DATENSCHUTZERKL\u00c4RUNG<\/a><\/p>\n\n\t\t<\/div>\n\t<\/div>\n\n\t\t<\/div>\n\t<\/div>\n\n<\/div>\n<\/div>\n<\/div>\n\t\t<\/div>\n\t<\/div>\n\n<\/div>\n<\/div>","protected":false},"excerpt":{"rendered":"YOUR INDUSTRY - BENEFIT TO YOUR PACKAGING LINE AUTOMATION SAVOURY SNACKS FOCKE &amp; CO offers packaging solutions especially tailored for the savoury snacks industry. MORE NONWOVENS FOCKE &amp; CO offers economic and high-speed packaging solutions for various applications for the hygiene industry. MORE LET'S TALK ABOUT YOUR APPLICATION CONTACT US &gt; Cigarette Packaging &amp; OTP [...]","protected":false},"author":1,"featured_media":0,"parent":0,"menu_order":0,"comment_status":"closed","ping_status":"closed","template":"","meta":{"footnotes":""},"class_list":["post-498","page","type-page","status-publish","hentry"],"_links":{"self":[{"href":"https:\/\/packaging-solutions.focke.com\/de\/wp-json\/wp\/v2\/pages\/498","targetHints":{"allow":["GET"]}}],"collection":[{"href":"https:\/\/packaging-solutions.focke.com\/de\/wp-json\/wp\/v2\/pages"}],"about":[{"href":"https:\/\/packaging-solutions.focke.com\/de\/wp-json\/wp\/v2\/types\/page"}],"author":[{"embeddable":true,"href":"https:\/\/packaging-solutions.focke.com\/de\/wp-json\/wp\/v2\/users\/1"}],"replies":[{"embeddable":true,"href":"https:\/\/packaging-solutions.focke.com\/de\/wp-json\/wp\/v2\/comments?post=498"}],"version-history":[{"count":18,"href":"https:\/\/packaging-solutions.focke.com\/de\/wp-json\/wp\/v2\/pages\/498\/revisions"}],"predecessor-version":[{"id":1007,"href":"https:\/\/packaging-solutions.focke.com\/de\/wp-json\/wp\/v2\/pages\/498\/revisions\/1007"}],"wp:attachment":[{"href":"https:\/\/packaging-solutions.focke.com\/de\/wp-json\/wp\/v2\/media?parent=498"}],"curies":[{"name":"wp","href":"https:\/\/api.w.org\/{rel}","templated":true}]}}