{"id":21,"date":"2021-01-05T11:23:42","date_gmt":"2021-01-05T11:23:42","guid":{"rendered":"https:\/\/packaging-solutions.focke.com\/?page_id=21"},"modified":"2023-07-14T11:06:52","modified_gmt":"2023-07-14T09:06:52","slug":"imprint","status":"publish","type":"page","link":"https:\/\/packaging-solutions.focke.com\/de\/imprint\/","title":{"rendered":"Impressum"},"content":{"rendered":"<div  class=\"content_row row vc_row wpb_row  default-style fullwidth border-top\" >\n\t\n\t<div class=\"content_row_wrapper  fullwidth\" style=\"padding-top:20px;padding-bottom:60px;padding-left:25px;padding-right:25px;\"><div class=\"vc_col-sm-6 wpb_column vc_column_container\">\n\t\t<div class=\"wpb_wrapper\">\n\t\t\t\n\t<div class=\"wpb_text_column wpb_content_element  vc_custom_1689325592327\" >\n\t\t<div class=\"wpb_wrapper\">\n\t\t\t<p><img loading=\"lazy\" decoding=\"async\" class=\"alignnone wp-image-100\" src=\"https:\/\/packaging-solutions.focke.com\/wp-content\/uploads\/2021\/02\/blueline-e1614265912804.gif\" alt=\"line\" width=\"154\" height=\"12\" \/><\/p>\n<h1>IMPRESSUM<\/h1>\n<p>Herausgeber, Betreiber und verantwortlich f\u00fcr den Inhalt der Website packaging-solutions.focke.com - Angaben gem\u00e4\u00df \u00a7 5 TMG.<\/p>\n<p><strong>Focke Packaging Solutions GmbH<\/strong><br \/>\nPostfach 1148, 26671 Barssel, Deutschland<br \/>\nIndustriestrasse 17, 26676 Barssel, Deutschland<br \/>\nTelefon: +49 4499 82-0<br \/>\nFax: +49 4499 82-126<\/p>\n<p>E-Mail: <a href=\"mailto:packaging-solutions@focke.de\">packaging-solutions@focke.de<\/a><\/p>\n<p>Gesch\u00e4ftsf\u00fchrer: Jan-Eric Kruse<br \/>\nRegistergericht: Amtsgericht Oldenburg HRB 150231<br \/>\nSteuernummer: DE117107092<\/p>\n\n\t\t<\/div>\n\t<\/div>\n\n\t<div class=\"wpb_text_column wpb_content_element\" >\n\t\t<div class=\"wpb_wrapper\">\n\t\t\t<p><strong>Haftungsausschluss<\/strong><\/p>\n<p><em>Haftung f\u00fcr Inhalte<\/em><br \/>\nDie Inhalte unserer Seiten wurden mit gr\u00f6\u00dfter Sorgfalt erstellt. F\u00fcr die Richtigkeit, Vollst\u00e4ndigkeit und Aktualit\u00e4t der Inhalte k\u00f6nnen wir jedoch keine Gew\u00e4hr \u00fcbernehmen. Als Diensteanbieter sind wir ge-m\u00e4\u00df \u00a7 7 Abs.1 TMG f\u00fcr eigene Inhalte auf diesen Seiten nach den allgemeinen Gesetzen verantwortlich. Nach \u00a7\u00a7 8 bis 10 TMG sind wir als Diensteanbieter jedoch nicht verpflichtet, \u00fcbermittelte oder gespei-cherte fremde Informationen zu \u00fcberwachen oder nach Umst\u00e4nden zu forschen, die auf eine rechtswid-rige T\u00e4tigkeit hinweisen. Verpflichtungen zur Entfernung oder Sperrung der Nutzung von Informationen nach den allgemeinen Gesetzen bleiben hiervon unber\u00fchrt. Eine diesbez\u00fcgliche Haftung ist jedoch erst ab dem Zeitpunkt der Kenntnis einer konkreten Rechtsverletzung m\u00f6glich. Bei Bekanntwerden von ent-sprechenden Rechtsverletzungen werden wir diese Inhalte umgehend entfernen.<\/p>\n<p>&nbsp;<\/p>\n<p><em>Haftung f\u00fcr Links<\/em><br \/>\nUnser Angebot kann Links zu externen Websites Dritter enthalten, auf deren Inhalte wir keinen Einfluss haben. Deshalb k\u00f6nnen wir f\u00fcr diese fremden Inhalte auch keine Gew\u00e4hr \u00fcbernehmen. F\u00fcr die Inhalte der verlinkten Seiten ist stets der jeweilige Anbieter oder Betreiber der Seiten verantwortlich. Die ver-linkten Seiten wurden zum Zeitpunkt der Verlinkung auf m\u00f6gliche Rechtsverst\u00f6\u00dfe \u00fcberpr\u00fcft. Rechtswidrige Inhalte waren zum Zeitpunkt der Verlinkung nicht erkennbar. Eine permanente inhaltliche Kontrolle der verlinkten Seiten ist jedoch ohne konkrete Anhaltspunkte einer Rechtsverletzung nicht zumutbar. Bei Bekanntwerden von Rechtsverletzungen werden wir derartige Links umgehend entfernen.<\/p>\n<p>&nbsp;<\/p>\n<p><em>Urheberrecht<\/em><br \/>\nDie durch die Seitenbetreiber erstellten Inhalte und Werke auf diesen Seiten unterliegen dem deutschen Urheberrecht. Die Vervielf\u00e4ltigung, Bearbeitung, Verbreitung und jede Art der Verwertung au\u00dferhalb der Grenzen des Urheberrechtes bed\u00fcrfen der schriftlichen Zustimmung des jeweiligen Autors bzw. Er-stellers. Downloads und Kopien dieser Seite sind nur f\u00fcr den privaten, nicht kommerziellen Gebrauch gestattet. Soweit die Inhalte auf dieser Seite nicht vom Betreiber erstellt wurden, werden die Urheber-rechte Dritter beachtet. Insbesondere werden Inhalte Dritter als solche gekennzeichnet. Sollten Sie trotzdem auf eine Urheberrechtsverletzung aufmerksam werden, bitten wir um einen entsprechenden Hinweis. Bei Bekanntwerden von Rechtsverletzungen werden wir derartige Inhalte umgehend entfernen.<\/p>\n\n\t\t<\/div>\n\t<\/div>\n\n\t<div class=\"wpb_text_column wpb_content_element\" >\n\t\t<div class=\"wpb_wrapper\">\n\t\t\t<p><strong>Datenschutz<\/strong><br \/>\nMehr Informationen zum Datenschutz bei packaging-solutions.focke.com und dem Umgang mit Ihren personenbezogenen Daten finden Sie in unserer <a href=\"https:\/\/packaging-solutions.focke.com\/de\/data-protection\/\">Datenschutzerkl\u00e4rung<\/a> .<\/p>\n\n\t\t<\/div>\n\t<\/div>\n\n\t\t<\/div>\n\t<\/div>\n\n\t<div class=\"vc_col-sm-6 wpb_column vc_column_container\">\n\t\t<div class=\"wpb_wrapper\">\n\t\t\t\n\t\t<\/div>\n\t<\/div>\n<\/div>\n<\/div>\n\n<div  class=\"content_row row vc_row wpb_row  default-style fullwidth\" >\n\t\n\t<div class=\"content_row_wrapper  fullwidth\" >\n\t<div class=\"vc_col-sm-12 wpb_column vc_column_container\">\n\t\t<div class=\"wpb_wrapper\">\n\t\t\t<div class=\"templatera_shortcode\">\n<div  class=\"content_row row vc_row wpb_row  default-style fullwidth\" style=\"background-color: #eff0f1;\">\n\t\n\t<div class=\"content_row_wrapper  default\" style=\"padding-top:80px;padding-bottom:80px;padding-left:0px;padding-right:0px;\">\n\t<div class=\"vc_col-sm-12 wpb_column vc_column_container\">\n\t\t<div class=\"wpb_wrapper\">\n\t\t\t\n<div  class=\"content_row row vc_row wpb_row vc_inner  global-style\" >\n\t\n\t<div class=\"content_row_wrapper\" ><div class=\"vc_col-sm-3 wpb_column vc_column_container\">\n\t\t<div class=\"wpb_wrapper\">\n\t\t\t\n\t\t<\/div>\n\t<\/div>\n\n\t<div class=\"vc_col-sm-3 wpb_column vc_column_container\">\n\t\t<div class=\"wpb_wrapper\">\n\t\t\t\n\t<div class=\"wpb_text_column wpb_content_element\" >\n\t\t<div class=\"wpb_wrapper\">\n\t\t\t<p><span style=\"color: #000000;\">Cigarette Packaging &amp; OTP<\/span><br \/>\n<span style=\"color: #000000;\"><span class=\"font-bold text-black\"><strong>Focke &amp; Co. (GmbH &amp; Co. KG)<\/strong><br \/>\n<\/span>Siemensstr. 10<\/span><br \/>\n<span style=\"color: #000000;\">27283 Verden, Deutschland<\/span><br \/>\n<span style=\"color: #000000;\">Tel.: +49 4231 891-0<\/span><br \/>\n<a href=\"mailto:sales@focke.de\">sales@focke.de<\/a><\/p>\n\n\t\t<\/div>\n\t<\/div>\n\n\t\t<\/div>\n\t<\/div>\n\n\t<div class=\"vc_col-sm-3 wpb_column vc_column_container\">\n\t\t<div class=\"wpb_wrapper\">\n\t\t\t\n\t<div class=\"wpb_text_column wpb_content_element\" >\n\t\t<div class=\"wpb_wrapper\">\n\t\t\t<p><span style=\"color: #000000;\"><span class=\"font-bold text-black\">Hygiene &amp; Tissue | Food &amp; Consumer<strong><br \/>\nFocke Packaging Solutions GmbH<\/strong><br \/>\n<\/span>Industriestr. 17<\/span><br \/>\n<span style=\"color: #000000;\">26676 Bar\u00dfel, Deutschland<\/span><br \/>\n<span style=\"color: #000000;\">Tel.: +49 4499 82-0<\/span><br \/>\n<a href=\"mailto:packaging-solutions@focke.de\"> packaging-solutions@focke.de<\/a><\/p>\n\n\t\t<\/div>\n\t<\/div>\n\n\t\t<\/div>\n\t<\/div>\n\n\t<div class=\"vc_col-sm-3 wpb_column vc_column_container\">\n\t\t<div class=\"wpb_wrapper\">\n\t\t\t\n\t\t<\/div>\n\t<\/div>\n<\/div>\n<\/div>\n\n\t\t<\/div>\n\t<\/div>\n\n<\/div>\n<\/div>\n\n<div  class=\"content_row row vc_row wpb_row  alt-style-2 fullwidth\" style=\"background-color: #575f65;\">\n\t\n\t<div class=\"content_row_wrapper  default\" style=\"padding-top:40px;padding-bottom:40px;padding-left:0px;padding-right:0px;\">\n\t<div class=\"vc_col-sm-12 wpb_column vc_column_container\">\n\t\t<div class=\"wpb_wrapper\">\n\t\t\t\n<div  class=\"content_row row vc_row wpb_row vc_inner  global-style\" >\n\t\n\t<div class=\"content_row_wrapper\" ><div class=\"vc_col-sm-3 wpb_column vc_column_container\">\n\t\t<div class=\"wpb_wrapper\">\n\t\t\t\n\t\t<\/div>\n\t<\/div>\n\n\t<div class=\"vc_col-sm-3 wpb_column vc_column_container\">\n\t\t<div class=\"wpb_wrapper\">\n\t\t\t<div  class=\"vc_wp_custommenu wpb_content_element\"><div class=\"widget widget_nav_menu\"><div class=\"menu-industry-footer-container\"><ul id=\"menu-industry-footer\" class=\"menu\"><li id=\"menu-item-632\" class=\"menu-item menu-item-type-post_type menu-item-object-page menu-item-632\"><a href=\"https:\/\/packaging-solutions.focke.com\/de\/your-industry\/\">Your Industry<\/a><\/li>\n<li id=\"menu-item-955\" class=\"menu-item menu-item-type-post_type menu-item-object-page menu-item-955\"><a href=\"https:\/\/packaging-solutions.focke.com\/de\/your-industry\/nonwovens\/\">Nonwovens<\/a><\/li>\n<li id=\"menu-item-956\" class=\"menu-item menu-item-type-post_type menu-item-object-page menu-item-956\"><a href=\"https:\/\/packaging-solutions.focke.com\/de\/your-industry\/savoury-snacks\/\">Savoury Snacks<\/a><\/li>\n<\/ul><\/div><\/div><\/div>\n\t\t<\/div>\n\t<\/div>\n\n\t<div class=\"vc_col-sm-3 wpb_column vc_column_container\">\n\t\t<div class=\"wpb_wrapper\">\n\t\t\t<div  class=\"vc_wp_custommenu wpb_content_element\"><div class=\"widget widget_nav_menu\"><div class=\"menu-work-footer-container\"><ul id=\"menu-work-footer\" class=\"menu\"><li id=\"menu-item-633\" class=\"menu-item menu-item-type-post_type menu-item-object-page menu-item-633\"><a href=\"https:\/\/packaging-solutions.focke.com\/de\/how-we-work\/\">How we work<\/a><\/li>\n<li id=\"menu-item-488\" class=\"menu-item menu-item-type-post_type menu-item-object-page menu-item-488\"><a href=\"https:\/\/packaging-solutions.focke.com\/de\/insights\/\">Insights<\/a><\/li>\n<li id=\"menu-item-487\" class=\"menu-item menu-item-type-post_type menu-item-object-page menu-item-487\"><a href=\"https:\/\/packaging-solutions.focke.com\/de\/contact-us\/\">Kontakt<\/a><\/li>\n<\/ul><\/div><\/div><\/div>\n\t<div class=\"wpb_text_column wpb_content_element\" >\n\t\t<div class=\"wpb_wrapper\">\n\t\t\t<p><a href=\"https:\/\/de.linkedin.com\/company\/focke-&amp;-co\"><img loading=\"lazy\" decoding=\"async\" class=\"alignnone wp-image-491\" src=\"https:\/\/packaging-solutions.focke.com\/wp-content\/uploads\/2021\/08\/icon_linkedin.png\" alt=\"LinkedIn\" width=\"40\" height=\"40\" srcset=\"https:\/\/packaging-solutions.focke.com\/wp-content\/uploads\/2021\/08\/icon_linkedin.png 612w, https:\/\/packaging-solutions.focke.com\/wp-content\/uploads\/2021\/08\/icon_linkedin-300x300.png 300w, https:\/\/packaging-solutions.focke.com\/wp-content\/uploads\/2021\/08\/icon_linkedin-150x150.png 150w, https:\/\/packaging-solutions.focke.com\/wp-content\/uploads\/2021\/08\/icon_linkedin-12x12.png 12w\" sizes=\"auto, (max-width: 40px) 100vw, 40px\" \/><\/a>\u00a0 \u00a0\u00a0<a href=\"https:\/\/www.youtube.com\/channel\/UCThUMYcHjbwGXAKrRu1BKTg\"><img loading=\"lazy\" decoding=\"async\" class=\"alignnone wp-image-492\" src=\"https:\/\/packaging-solutions.focke.com\/wp-content\/uploads\/2021\/08\/icon_youtube-1.png\" alt=\"Youtube\" width=\"58\" height=\"40\" srcset=\"https:\/\/packaging-solutions.focke.com\/wp-content\/uploads\/2021\/08\/icon_youtube-1.png 893w, https:\/\/packaging-solutions.focke.com\/wp-content\/uploads\/2021\/08\/icon_youtube-1-300x206.png 300w, https:\/\/packaging-solutions.focke.com\/wp-content\/uploads\/2021\/08\/icon_youtube-1-768x526.png 768w, https:\/\/packaging-solutions.focke.com\/wp-content\/uploads\/2021\/08\/icon_youtube-1-16x12.png 16w\" sizes=\"auto, (max-width: 58px) 100vw, 58px\" \/><\/a><\/p>\n\n\t\t<\/div>\n\t<\/div>\n\n\t\t<\/div>\n\t<\/div>\n\n\t<div class=\"vc_col-sm-3 wpb_column vc_column_container\">\n\t\t<div class=\"wpb_wrapper\">\n\t\t\t\n\t\t<\/div>\n\t<\/div>\n<\/div>\n<\/div>\n\n\t\t<\/div>\n\t<\/div>\n\n<\/div>\n<\/div>\n\n<div  class=\"content_row row vc_row wpb_row  default-style fullwidth has-bg-image\" style=\"background-image: url(https:\/\/packaging-solutions.focke.com\/wp-content\/uploads\/2021\/06\/blue_footer-scaled.jpg);background-repeat: no-repeat;background-size: cover;background-attachment: scroll;background-position: center center;\">\n\t\n\t<div class=\"content_row_wrapper  fullwidth\" style=\"padding-bottom:0px;\">\n\t<div class=\"vc_col-sm-12 vc_hidden-xs wpb_column vc_column_container\">\n\t\t<div class=\"wpb_wrapper\">\n\t\t\t\n\t<div class=\"wpb_text_column wpb_content_element  vc_custom_1628780994648\" >\n\t\t<div class=\"wpb_wrapper\">\n\t\t\t<p style=\"text-align: center; font-size: 12px;\"><a href=\"https:\/\/packaging-solutions.focke.com\/de\/imprint\/\">IMPRESSUM<\/a> \u00a0| \u00a0<a href=\"https:\/\/packaging-solutions.focke.com\/de\/data-protection\/\">DATENSCHUTZERKL\u00c4RUNG<\/a><\/p>\n\n\t\t<\/div>\n\t<\/div>\n\n\t\t<\/div>\n\t<\/div>\n\n<\/div>\n<\/div>\n\n<div  class=\"content_row row vc_row wpb_row  default-style fullwidth has-bg-image\" style=\"background-image: url(https:\/\/packaging-solutions.focke.com\/wp-content\/uploads\/2021\/06\/blue_footer-scaled.jpg);background-repeat: no-repeat;background-size: cover;background-attachment: scroll;background-position: center center;background-color: #431493;\">\n\t\n\t<div class=\"content_row_wrapper  nopadding fullwidth\" >\n\t<div class=\"vc_col-sm-12 vc_hidden-lg vc_hidden-md vc_hidden-sm wpb_column vc_column_container\">\n\t\t<div class=\"wpb_wrapper\">\n\t\t\t\n\t<div class=\"wpb_text_column wpb_content_element  vc_custom_1628779840598\" >\n\t\t<div class=\"wpb_wrapper\">\n\t\t\t<p style=\"text-align: center; font-size: 12px;\"><a href=\"https:\/\/packaging-solutions.focke.com\/de\/imprint\/\">IMPRESSUM<\/a> \u00a0| \u00a0<a href=\"https:\/\/packaging-solutions.focke.com\/de\/data-protection\/\">DATENSCHUTZERKL\u00c4RUNG<\/a><\/p>\n\n\t\t<\/div>\n\t<\/div>\n\n\t\t<\/div>\n\t<\/div>\n\n<\/div>\n<\/div>\n<\/div>\n\t\t<\/div>\n\t<\/div>\n\n<\/div>\n<\/div>","protected":false},"excerpt":{"rendered":"IMPRINT Publisher, operator and responsible for the content of the website packaging-solutions.focke.com \u2013 information according to section 5 German Tele Media Act (Telemediengesetz \u2013 TMG). Focke Packaging Solutions GmbH Postfach 1148, 26671 Barssel, Germany Industriestrasse 17, 26676 Barssel, Germany Telephone: +49 4499 82-0 Fax: +49 4499 82-126 E-Mail: packaging-solutions@focke.de Management: Jan-Eric Kruse Court of Registration: [...]","protected":false},"author":1,"featured_media":0,"parent":0,"menu_order":0,"comment_status":"closed","ping_status":"closed","template":"","meta":{"footnotes":""},"class_list":["post-21","page","type-page","status-publish","hentry"],"_links":{"self":[{"href":"https:\/\/packaging-solutions.focke.com\/de\/wp-json\/wp\/v2\/pages\/21","targetHints":{"allow":["GET"]}}],"collection":[{"href":"https:\/\/packaging-solutions.focke.com\/de\/wp-json\/wp\/v2\/pages"}],"about":[{"href":"https:\/\/packaging-solutions.focke.com\/de\/wp-json\/wp\/v2\/types\/page"}],"author":[{"embeddable":true,"href":"https:\/\/packaging-solutions.focke.com\/de\/wp-json\/wp\/v2\/users\/1"}],"replies":[{"embeddable":true,"href":"https:\/\/packaging-solutions.focke.com\/de\/wp-json\/wp\/v2\/comments?post=21"}],"version-history":[{"count":16,"href":"https:\/\/packaging-solutions.focke.com\/de\/wp-json\/wp\/v2\/pages\/21\/revisions"}],"predecessor-version":[{"id":1061,"href":"https:\/\/packaging-solutions.focke.com\/de\/wp-json\/wp\/v2\/pages\/21\/revisions\/1061"}],"wp:attachment":[{"href":"https:\/\/packaging-solutions.focke.com\/de\/wp-json\/wp\/v2\/media?parent=21"}],"curies":[{"name":"wp","href":"https:\/\/api.w.org\/{rel}","templated":true}]}}