{"id":141,"date":"2021-02-26T09:20:04","date_gmt":"2021-02-26T09:20:04","guid":{"rendered":"https:\/\/packaging-solutions.focke.com\/?page_id=141"},"modified":"2023-07-14T11:04:00","modified_gmt":"2023-07-14T09:04:00","slug":"data-protection","status":"publish","type":"page","link":"https:\/\/packaging-solutions.focke.com\/de\/data-protection\/","title":{"rendered":"Datenschutz"},"content":{"rendered":"<div  class=\"content_row row vc_row wpb_row  default-style fullwidth border-top\" >\n\t\n\t<div class=\"content_row_wrapper  fullwidth\" style=\"padding-top:20px;padding-bottom:60px;padding-left:25px;padding-right:25px;\"><div class=\"vc_col-sm-8 wpb_column vc_column_container\">\n\t\t<div class=\"wpb_wrapper\">\n\t\t\t\n\t<div class=\"wpb_text_column wpb_content_element  vc_custom_1689323664461\" >\n\t\t<div class=\"wpb_wrapper\">\n\t\t\t<p><img loading=\"lazy\" decoding=\"async\" class=\"alignnone wp-image-100\" src=\"https:\/\/packaging-solutions.focke.com\/wp-content\/uploads\/2021\/02\/blueline-e1614265912804.gif\" alt=\"line\" width=\"154\" height=\"12\" \/><\/p>\n<h1>DATENSCHUTZERKL\u00c4RUNG<\/h1>\n<p>Stand: Juli 2023<\/p>\n<p>Wir, die Focke Packaging Solutions, freuen uns, dass Sie unseren Internetauftritt besuchen.<br \/>\nIm Folgenden informieren wir \u00fcber die Erhebung personenbezogener Daten bei Nutzung unserer Website. Personenbezogene Daten sind alle Daten, die auf Sie pers\u00f6nlich beziehbar sind, z.\u2009B. Name, Adresse, E-Mail-Adressen, Nutzerverhalten.<\/p>\n<h3>Datenschutzrechtlich Verantwortlicher<\/h3>\n<p>Verantwortlich gem. Art. 4 Abs. 7 Datenschutz-Grundverordnung (DSGVO) ist:<br \/>\nFocke Packaging Solutions GmbH, vgl. Sie dazu unser <a href=\"https:\/\/packaging-solutions.focke.com\/de\/imprint\/\">Impressum\u00a0<\/a><\/p>\n<p><strong>Beauftragte Dienstleister:<\/strong><br \/>\nDie allgemeine Bereitstellung sowie Wartung der Website und des E-Mail-Systems erfolgen mit Unterst\u00fctzung von IT-Dienstleistern, die in unserem Auftrag t\u00e4tig sind und somit auch ggf. Ihre Daten im erforderlichen Umfang verarbeiten.<\/p>\n<p><strong>Datenschutzbeauftragter:<br \/>\n<\/strong>Focke Packaging Solutions GmbH<br \/>\nDatenschutzbeauftragter<br \/>\nPostfach 1148, 26671 Barssel<br \/>\nIndustriestrasse 17, 26676 Barssel<br \/>\nE-Mail: <a href=\"mailto:datenschutz-barssel@focke.de\"><span id=\"page99R_mcid21\" class=\"markedContent\"><span dir=\"ltr\" role=\"presentation\">datenschutz-barssel@focke.de<\/span><\/span><\/a><\/p>\n\n\t\t<\/div>\n\t<\/div>\n\n\t<div class=\"wpb_text_column wpb_content_element\" >\n\t\t<div class=\"wpb_wrapper\">\n\t\t\t<h3>Erhebung und Verwendung Ihrer Daten<\/h3>\n<p>Umfang und Art der Erhebung und Verwendung Ihrer personenbezogenen Daten unterscheidet sich danach, ob Sie unseren Internetauftritt nur zum Abruf von Informationen besuchen oder direkt mit uns in Kontakt treten.<\/p>\n<p>Falls wir f\u00fcr einzelne Funktionen unseres Angebots auf weitere (IT-)Dienstleister zur\u00fcckgreifen oder Ihre Daten f\u00fcr werbliche Zwecke nutzen m\u00f6chten, werden wir Sie untenstehend im Detail \u00fcber die jeweiligen Vorg\u00e4nge (alle Datenverarbeitungen) informieren. Dabei nennen wir auch die festgelegten Kriterien der Speicherdauer und die zutreffende Rechtsgrundlage der Datenverarbeitung.<\/p>\n<p><strong>Informatorische Nutzung<\/strong><\/p>\n<p>F\u00fcr die informatorische Nutzung unserer Websites, erheben wir nur die personenbezogenen Daten, die uns Ihr Browser automatisch \u00fcbermittelt, wie etwa:<\/p>\n<ul>\n<li>IP-Adresse<\/li>\n<li>Datum und Uhrzeit der Anfrage<\/li>\n<li>Zeitzonendifferenz zur Greenwich Mean Time (GMT)<\/li>\n<li>Inhalt der Anforderung (konkrete Seite)<\/li>\n<li>jeweils \u00fcbertragene Datenmenge und der Zugriffsstatus (Datei \u00fcbertragen, Datei nicht gefunden etc.)<\/li>\n<li>Website, von der die Anforderung kommt<\/li>\n<li>Browsertyp \/ Version \/ Sprache<\/li>\n<li>Betriebssystem und dessen Oberfl\u00e4che<\/li>\n<li>Sprache und Version Ihres Browsers.<\/li>\n<\/ul>\n<p><strong>Speicherdauer:<\/strong><br \/>\nDie Speicherdauer dieser Daten (Logs) betr\u00e4gt 30 Tage.<\/p>\n<p><strong>Rechtsgrundlage(n) der Datenverarbeitung:<br \/>\n<\/strong>Die o.g. Daten sind technisch erforderlich, um Ihnen unsere Websites anzuzeigen und die Stabilit\u00e4t und Sicherheit zu gew\u00e4hrleisten, gem. Art. 6 Abs. 1 lit. f) DSGVO.<\/p>\n\n\t\t<\/div>\n\t<\/div>\n\n\t<div class=\"wpb_text_column wpb_content_element\" >\n\t\t<div class=\"wpb_wrapper\">\n\t\t\t<h3>Einsatz von Cookies<\/h3>\n<p>Wir nutzen auf unserer Website keine Cookies.<\/p>\n\n\t\t<\/div>\n\t<\/div>\n\n\t<div class=\"wpb_text_column wpb_content_element\" >\n\t\t<div class=\"wpb_wrapper\">\n\t\t\t<h3>Kontaktformular und E-Mail<\/h3>\n<p>Bei Ihrer Kontaktaufnahme mit uns \u00fcber die Kontaktformulare oder per E-Mail werden die von Ihnen mitgeteilten Daten (Ihr Name, Ihre E-Mail-Adresse, Ihre Nachricht, ggf. Ihre Telefonnummer und weitere Angaben) von uns gespeichert, um Ihre Frage(n) zu beantworten. Hierf\u00fcr notwendige Pflichtangaben sind gesondert markiert, weitere Angaben sind freiwillig.<\/p>\n<p><strong>Speicherdauer:<\/strong><br \/>\nDie in diesem Zusammenhang anfallenden Daten l\u00f6schen wir, nachdem die Speicherung nicht mehr erforderlich ist, oder schr\u00e4nken die Verarbeitung ein, falls gesetzliche Aufbewahrungspflichten bestehen (max. zehn Jahre im Rahmen der handels- und steuerrechtlich notwendigen Archivierung des gesch\u00e4ftlichen E-Mail-Verkehrs).<\/p>\n<p><strong>Rechtsgrundlage(n) der Datenverarbeitung:<\/strong><br \/>\nDie Verarbeitung ist zur Wahrung der berechtigten Interessen des Verantwortlichen oder eines Dritten erforderlich, gem. Art. 6 Abs. 1 lit. f) DSGVO. Unser Interesse besteht in der Beantwortung Ihrer Anfrage sowie der Erf\u00fcllung der Gesch\u00e4ftsbeziehung mit unseren Gesch\u00e4ftspartnern.<\/p>\n\n\t\t<\/div>\n\t<\/div>\n\n\t<div class=\"wpb_text_column wpb_content_element\" >\n\t\t<div class=\"wpb_wrapper\">\n\t\t\t<h3>Web Anaylse<\/h3>\n<p>Uns ist es wichtig, unsere Website m\u00f6glichst optimal zu gestalten und damit f\u00fcr unsere Besuchenden attraktiv zu machen. Dazu ist es notwendig, dass wir wissen, welche Teile unserer Website wie von unseren Besuchenden angenommen werden. Dazu setzen wir in unserem Interesse nachfolgende Technologie ein.<\/p>\n<p><strong>etracker<\/strong><br \/>\nInnerhalb unserer Website verwenden wir etracker, einen Webanalysedienst, der uns die anonyme Auswertung des Nutzungsverhaltens auf unserer Website erm\u00f6glicht. Zu diesem Zweck werden die erzeugten Nutzungsinformationen (einschlie\u00dflich Ihrer gek\u00fcrzten IP-Adresse) \u00fcbertragen. Ihre IP-Adresse wird bei diesem Vorgang umgehend anonymisiert, sodass Sie als Nutzer f\u00fcr uns anonym bleiben. Die mit etracker erzeugten Daten werden in unserem Auftrag von etracker ausschlie\u00dflich in Deutschland verarbeitet.<\/p>\n<p><strong>Rechtsgrundlage(n) der Verarbeitung(n):<\/strong><br \/>\nDie Verarbeitung ist zur Wahrung der berechtigten Interessen des Verantwortlichen oder eines Dritten erforderlich, gem. Art. 6 Abs. 1 lit. f) DSGVO. Unser berechtigtes Interesse besteht in der Analyse unserer Website zur stetigen Verbesserung und Optimierung unseres Angebots f\u00fcr Besuchende.<\/p>\n\n\t\t<\/div>\n\t<\/div>\n\n\t<div class=\"wpb_text_column wpb_content_element\" >\n\t\t<div class=\"wpb_wrapper\">\n\t\t\t<h3>Social Media Links<\/h3>\n<p>Innerhalb unserer Websites sind Links zu unterschiedlichen Sozialen Medien mit den entsprechenden Logos vorhanden. Hierbei handelt es sich nicht um Social Media Plug-Ins, sondern lediglich um eine Verkn\u00fcpfung auf unsere Angebote innerhalb dieser Medien. Klicken Sie auf einen dieser Links wird grunds\u00e4tzlich Ihre IP-Adresse an die Betreiber der unterschiedlichen Plattformen \u00fcbermittelt. Sollten Sie einen von diesen Diensten in Anspruch nehmen und auch mit Ihrem spezifischen Account eingeloggt sein, k\u00f6nnen unter Umst\u00e4nden auch Angaben zu ihrem Surfverhalten durch die Betreiber der Sozialen Medien erfasst werden. Das \u00dcbermitteln Ihrer IP-Adresse an die Betreiber der aufgerufenen Websites ist technisch notwendig und gilt f\u00fcr alle Websites.<\/p>\n\n\t\t<\/div>\n\t<\/div>\n\n\t<div class=\"wpb_text_column wpb_content_element\" >\n\t\t<div class=\"wpb_wrapper\">\n\t\t\t<h3>Verarbeitung Ihrer personenbezogenen Daten in Staaten au\u00dferhalb der EU und des EWR (Drittstaaten)<\/h3>\n<p>Eine Verarbeitung Ihrer personenbezogenen Daten in Staaten au\u00dferhalb der Europ\u00e4ischen Union und des Europ\u00e4ischen Wirtschaftsraumes findet nicht statt.<\/p>\n\n\t\t<\/div>\n\t<\/div>\n\n\t<div class=\"wpb_text_column wpb_content_element\" >\n\t\t<div class=\"wpb_wrapper\">\n\t\t\t<h3>Ihre Rechte<\/h3>\n<p>Sie haben gegen\u00fcber uns folgende Rechte hinsichtlich der Sie betreffenden personenbezogenen Daten:<\/p>\n<ul>\n<li>Recht auf Auskunft,<\/li>\n<li>Recht auf Berichtigung oder L\u00f6schung,<\/li>\n<li>Recht auf Einschr\u00e4nkung der Verarbeitung,<\/li>\n<li>Recht auf Daten\u00fcbertragbarkeit.<\/li>\n<\/ul>\n<p><strong>Recht auf Beschwerde bei einer Aufsichtsbeh\u00f6rde<\/strong><br \/>\nSie haben zudem das Recht, sich bei einer Datenschutz-Aufsichtsbeh\u00f6rde \u00fcber die Verarbeitung Ihrer personenbezogenen Daten durch uns zu beschweren. Die f\u00fcr uns unmittelbar zust\u00e4ndige Aufsichtsbeh\u00f6rde ist:<\/p>\n<p>Die Landesbeauftragte f\u00fcr den Datenschutz Niedersachsen<br \/>\n(State Commissioner for Data Protection in Lower Saxony)<br \/>\nFrau Barbara Thiel<br \/>\nPrinzenstra\u00dfe 5<br \/>\n30159 Hannover<\/p>\n<p><a href=\"https:\/\/lfd.niedersachsen.de\/startseite\/\" target=\"_blank\" rel=\"noopener\">https:\/\/lfd.niedersachsen.de\/startseite\/<\/a><\/p>\n<p><strong>Widerspruchs- und Widerrufsrecht<\/strong><\/p>\n<p>Falls Sie eine Einwilligung zur Verarbeitung Ihrer Daten erteilt haben, k\u00f6nnen Sie diese jederzeit widerrufen. Ein solcher Widerruf beeinflusst die Zul\u00e4ssigkeit der Verarbeitung Ihrer personenbezogenen Daten, nachdem Sie ihn gegen\u00fcber uns ausgesprochen haben.<\/p>\n<p>Soweit wir die Verarbeitung Ihrer personenbezogenen Daten auf die Interessenabw\u00e4gung (Rechtsgrundlage ist dann Art. 6 Abs. 1 lit. f) DSGVO) st\u00fctzen, k\u00f6nnen Sie Widerspruch gegen die Verarbeitung einlegen. Dies ist der Fall, wenn die Verarbeitung insbesondere nicht zur Erf\u00fcllung eines Vertrags mit Ihnen erforderlich ist, was von uns jeweils bei der Erl\u00e4uterung der einzelnen Datenverarbeitungen und Funktionen auf unseren Websites weiter oben in dieser Datenschutzerkl\u00e4rung angesprochen wird. Bei Aus\u00fcbung eines solchen Widerspruchs bitten wir um Darlegung der Gr\u00fcnde, weshalb wir Ihre personenbezogenen Daten nicht wie von uns durchgef\u00fchrt verarbeiten sollten. Im Falle Ihres begr\u00fcndeten Widerspruchs pr\u00fcfen wir die Sachlage und werden entweder die Datenverarbeitung einstellen bzw. anpassen oder Ihnen unsere zwingenden schutzw\u00fcrdigen Gr\u00fcnde aufzeigen, aufgrund derer wir die Verarbeitung fortf\u00fchren.<\/p>\n<p><strong>Widerspruchsrecht gegen Direktwerbung<\/strong><\/p>\n<p>Selbstverst\u00e4ndlich k\u00f6nnen Sie der Verarbeitung Ihrer personenbezogenen Daten f\u00fcr Zwecke der Werbung und Datenanalyse jederzeit widersprechen, z.B. auch wenn Sie von uns im Rahmen einer Gesch\u00e4ftsbeziehung Werbung in Form eines Newsletters, Kundenmagazins oder Informationsmaterials per Post erhalten.<br \/>\nSollten wir Ihre Daten im Rahmen von Funktionen unserer Websites zur Direktwerbung und einer damit verbundenen Datenanalyse verwenden, informieren wir Sie \u00fcber diese Datenverarbeitungen weiter oben in dieser Datenschutzerkl\u00e4rung, inkl. einer M\u00f6glichkeit Ihr Widerspruchsrecht ggf. mit technischen Mitteln aus\u00fcben zu k\u00f6nnen.<\/p>\n<p><strong>Kontaktm\u00f6glichkeiten bez. Ihrer Rechte<\/strong><\/p>\n<p>Zur Aus\u00fcbung Ihrer Rechte k\u00f6nnen Sie jederzeit mit uns Kontakt aufnehmen. Verwenden Sie dazu am besten folgende E-Mail-Adresse: <a href=\"mailto:datenschutz-barssel@focke.de\">datenschutz-barssel@focke.de<\/a><\/p>\n<p>Sie k\u00f6nnen gerne auch eine der Kontaktm\u00f6glichkeiten in unserem Impressum verwenden oder sich direkt an unseren Datenschutzbeauftragten (Kontaktdaten oben) wenden.<\/p>\n\n\t\t<\/div>\n\t<\/div>\n\n\t<div class=\"wpb_text_column wpb_content_element\" >\n\t\t<div class=\"wpb_wrapper\">\n\t\t\t<h3>Datensicherheit<\/h3>\n<p>Wir setzen zudem technische und organisatorische Sicherheitsma\u00dfnahmen ein, um anfallende oder erhobene personenbezogene Daten zu sch\u00fctzen, insb. gegen zuf\u00e4llige oder vors\u00e4tzliche Manipulation, Verlust, Zerst\u00f6rung oder gegen den Angriff unberechtigter Personen. Unsere Sicherheitsma\u00dfnahmen werden entsprechend der technologischen Entwicklung fortlaufend verbessert.<\/p>\n<p>Die \u00dcbertragung Ihrer personenbezogenen Daten wird dabei per SSL-Technik (https) verschl\u00fcsselt, um Zugriffe unberechtigter Dritter zu verhindern.<\/p>\n\n\t\t<\/div>\n\t<\/div>\n\n\t<div class=\"wpb_text_column wpb_content_element\" >\n\t\t<div class=\"wpb_wrapper\">\n\t\t\t<h3>Kommunikation per E-Mail<\/h3>\n<p>Unsere E-Mail-Systeme unterst\u00fctzen die verschl\u00fcsselte Kommunikation per SSL-Technik (TLS 1.2 inkl. <a href=\"https:\/\/de.wikipedia.org\/wiki\/Perfect_Forward_Secrecy\" target=\"_blank\" rel=\"noopener\">PFS<\/a>). Die \u00dcbertragung Ihrer E-Mail kann somit grunds\u00e4tzlich verschl\u00fcsselt erfolgen. Beachten Sie jedoch, dass die Verschl\u00fcsselung auch von der Konfiguration Ihres E-Mail-Programms abh\u00e4ngt und wir somit eine vollst\u00e4ndige Datensicherheit f\u00fcr den Transportweg nicht gew\u00e4hrleisten k\u00f6nnen.<br \/>\nBei Informationen mit einem hohen Geheimhaltungsbed\u00fcrfnis empfehlen wir Ihnen den Postweg.<\/p>\n\n\t\t<\/div>\n\t<\/div>\n\n\t\t<\/div>\n\t<\/div>\n\n\t<div class=\"vc_col-sm-4 wpb_column vc_column_container\" style=\"padding-top:20px;\">\n\t\t<div class=\"wpb_wrapper\">\n\t\t\t\n\t\t<\/div>\n\t<\/div>\n<\/div>\n<\/div>\n\n<div  class=\"content_row row vc_row wpb_row  default-style fullwidth\" >\n\t\n\t<div class=\"content_row_wrapper  fullwidth\" >\n\t<div class=\"vc_col-sm-12 wpb_column vc_column_container\">\n\t\t<div class=\"wpb_wrapper\">\n\t\t\t<div class=\"templatera_shortcode\">\n<div  class=\"content_row row vc_row wpb_row  default-style fullwidth\" style=\"background-color: #eff0f1;\">\n\t\n\t<div class=\"content_row_wrapper  default\" style=\"padding-top:80px;padding-bottom:80px;padding-left:0px;padding-right:0px;\">\n\t<div class=\"vc_col-sm-12 wpb_column vc_column_container\">\n\t\t<div class=\"wpb_wrapper\">\n\t\t\t\n<div  class=\"content_row row vc_row wpb_row vc_inner  global-style\" >\n\t\n\t<div class=\"content_row_wrapper\" ><div class=\"vc_col-sm-3 wpb_column vc_column_container\">\n\t\t<div class=\"wpb_wrapper\">\n\t\t\t\n\t\t<\/div>\n\t<\/div>\n\n\t<div class=\"vc_col-sm-3 wpb_column vc_column_container\">\n\t\t<div class=\"wpb_wrapper\">\n\t\t\t\n\t<div class=\"wpb_text_column wpb_content_element\" >\n\t\t<div class=\"wpb_wrapper\">\n\t\t\t<p><span style=\"color: #000000;\">Cigarette Packaging &amp; OTP<\/span><br \/>\n<span style=\"color: #000000;\"><span class=\"font-bold text-black\"><strong>Focke &amp; Co. (GmbH &amp; Co. KG)<\/strong><br \/>\n<\/span>Siemensstr. 10<\/span><br \/>\n<span style=\"color: #000000;\">27283 Verden, Deutschland<\/span><br \/>\n<span style=\"color: #000000;\">Tel.: +49 4231 891-0<\/span><br \/>\n<a href=\"mailto:sales@focke.de\">sales@focke.de<\/a><\/p>\n\n\t\t<\/div>\n\t<\/div>\n\n\t\t<\/div>\n\t<\/div>\n\n\t<div class=\"vc_col-sm-3 wpb_column vc_column_container\">\n\t\t<div class=\"wpb_wrapper\">\n\t\t\t\n\t<div class=\"wpb_text_column wpb_content_element\" >\n\t\t<div class=\"wpb_wrapper\">\n\t\t\t<p><span style=\"color: #000000;\"><span class=\"font-bold text-black\">Hygiene &amp; Tissue | Food &amp; Consumer<strong><br \/>\nFocke Packaging Solutions GmbH<\/strong><br \/>\n<\/span>Industriestr. 17<\/span><br \/>\n<span style=\"color: #000000;\">26676 Bar\u00dfel, Deutschland<\/span><br \/>\n<span style=\"color: #000000;\">Tel.: +49 4499 82-0<\/span><br \/>\n<a href=\"mailto:packaging-solutions@focke.de\"> packaging-solutions@focke.de<\/a><\/p>\n\n\t\t<\/div>\n\t<\/div>\n\n\t\t<\/div>\n\t<\/div>\n\n\t<div class=\"vc_col-sm-3 wpb_column vc_column_container\">\n\t\t<div class=\"wpb_wrapper\">\n\t\t\t\n\t\t<\/div>\n\t<\/div>\n<\/div>\n<\/div>\n\n\t\t<\/div>\n\t<\/div>\n\n<\/div>\n<\/div>\n\n<div  class=\"content_row row vc_row wpb_row  alt-style-2 fullwidth\" style=\"background-color: #575f65;\">\n\t\n\t<div class=\"content_row_wrapper  default\" style=\"padding-top:40px;padding-bottom:40px;padding-left:0px;padding-right:0px;\">\n\t<div class=\"vc_col-sm-12 wpb_column vc_column_container\">\n\t\t<div class=\"wpb_wrapper\">\n\t\t\t\n<div  class=\"content_row row vc_row wpb_row vc_inner  global-style\" >\n\t\n\t<div class=\"content_row_wrapper\" ><div class=\"vc_col-sm-3 wpb_column vc_column_container\">\n\t\t<div class=\"wpb_wrapper\">\n\t\t\t\n\t\t<\/div>\n\t<\/div>\n\n\t<div class=\"vc_col-sm-3 wpb_column vc_column_container\">\n\t\t<div class=\"wpb_wrapper\">\n\t\t\t<div  class=\"vc_wp_custommenu wpb_content_element\"><div class=\"widget widget_nav_menu\"><div class=\"menu-industry-footer-container\"><ul id=\"menu-industry-footer\" class=\"menu\"><li id=\"menu-item-632\" class=\"menu-item menu-item-type-post_type menu-item-object-page menu-item-632\"><a href=\"https:\/\/packaging-solutions.focke.com\/de\/your-industry\/\">Your Industry<\/a><\/li>\n<li id=\"menu-item-955\" class=\"menu-item menu-item-type-post_type menu-item-object-page menu-item-955\"><a href=\"https:\/\/packaging-solutions.focke.com\/de\/your-industry\/nonwovens\/\">Nonwovens<\/a><\/li>\n<li id=\"menu-item-956\" class=\"menu-item menu-item-type-post_type menu-item-object-page menu-item-956\"><a href=\"https:\/\/packaging-solutions.focke.com\/de\/your-industry\/savoury-snacks\/\">Savoury Snacks<\/a><\/li>\n<\/ul><\/div><\/div><\/div>\n\t\t<\/div>\n\t<\/div>\n\n\t<div class=\"vc_col-sm-3 wpb_column vc_column_container\">\n\t\t<div class=\"wpb_wrapper\">\n\t\t\t<div  class=\"vc_wp_custommenu wpb_content_element\"><div class=\"widget widget_nav_menu\"><div class=\"menu-work-footer-container\"><ul id=\"menu-work-footer\" class=\"menu\"><li id=\"menu-item-633\" class=\"menu-item menu-item-type-post_type menu-item-object-page menu-item-633\"><a href=\"https:\/\/packaging-solutions.focke.com\/de\/how-we-work\/\">How we work<\/a><\/li>\n<li id=\"menu-item-488\" class=\"menu-item menu-item-type-post_type menu-item-object-page menu-item-488\"><a href=\"https:\/\/packaging-solutions.focke.com\/de\/insights\/\">Insights<\/a><\/li>\n<li id=\"menu-item-487\" class=\"menu-item menu-item-type-post_type menu-item-object-page menu-item-487\"><a href=\"https:\/\/packaging-solutions.focke.com\/de\/contact-us\/\">Kontakt<\/a><\/li>\n<\/ul><\/div><\/div><\/div>\n\t<div class=\"wpb_text_column wpb_content_element\" >\n\t\t<div class=\"wpb_wrapper\">\n\t\t\t<p><a href=\"https:\/\/de.linkedin.com\/company\/focke-&amp;-co\"><img loading=\"lazy\" decoding=\"async\" class=\"alignnone wp-image-491\" src=\"https:\/\/packaging-solutions.focke.com\/wp-content\/uploads\/2021\/08\/icon_linkedin.png\" alt=\"LinkedIn\" width=\"40\" height=\"40\" srcset=\"https:\/\/packaging-solutions.focke.com\/wp-content\/uploads\/2021\/08\/icon_linkedin.png 612w, https:\/\/packaging-solutions.focke.com\/wp-content\/uploads\/2021\/08\/icon_linkedin-300x300.png 300w, https:\/\/packaging-solutions.focke.com\/wp-content\/uploads\/2021\/08\/icon_linkedin-150x150.png 150w, https:\/\/packaging-solutions.focke.com\/wp-content\/uploads\/2021\/08\/icon_linkedin-12x12.png 12w\" sizes=\"auto, (max-width: 40px) 100vw, 40px\" \/><\/a>\u00a0 \u00a0\u00a0<a href=\"https:\/\/www.youtube.com\/channel\/UCThUMYcHjbwGXAKrRu1BKTg\"><img loading=\"lazy\" decoding=\"async\" class=\"alignnone wp-image-492\" src=\"https:\/\/packaging-solutions.focke.com\/wp-content\/uploads\/2021\/08\/icon_youtube-1.png\" alt=\"Youtube\" width=\"58\" height=\"40\" srcset=\"https:\/\/packaging-solutions.focke.com\/wp-content\/uploads\/2021\/08\/icon_youtube-1.png 893w, https:\/\/packaging-solutions.focke.com\/wp-content\/uploads\/2021\/08\/icon_youtube-1-300x206.png 300w, https:\/\/packaging-solutions.focke.com\/wp-content\/uploads\/2021\/08\/icon_youtube-1-768x526.png 768w, https:\/\/packaging-solutions.focke.com\/wp-content\/uploads\/2021\/08\/icon_youtube-1-16x12.png 16w\" sizes=\"auto, (max-width: 58px) 100vw, 58px\" \/><\/a><\/p>\n\n\t\t<\/div>\n\t<\/div>\n\n\t\t<\/div>\n\t<\/div>\n\n\t<div class=\"vc_col-sm-3 wpb_column vc_column_container\">\n\t\t<div class=\"wpb_wrapper\">\n\t\t\t\n\t\t<\/div>\n\t<\/div>\n<\/div>\n<\/div>\n\n\t\t<\/div>\n\t<\/div>\n\n<\/div>\n<\/div>\n\n<div  class=\"content_row row vc_row wpb_row  default-style fullwidth has-bg-image\" style=\"background-image: url(https:\/\/packaging-solutions.focke.com\/wp-content\/uploads\/2021\/06\/blue_footer-scaled.jpg);background-repeat: no-repeat;background-size: cover;background-attachment: scroll;background-position: center center;\">\n\t\n\t<div class=\"content_row_wrapper  fullwidth\" style=\"padding-bottom:0px;\">\n\t<div class=\"vc_col-sm-12 vc_hidden-xs wpb_column vc_column_container\">\n\t\t<div class=\"wpb_wrapper\">\n\t\t\t\n\t<div class=\"wpb_text_column wpb_content_element  vc_custom_1628780994648\" >\n\t\t<div class=\"wpb_wrapper\">\n\t\t\t<p style=\"text-align: center; font-size: 12px;\"><a href=\"https:\/\/packaging-solutions.focke.com\/de\/imprint\/\">IMPRESSUM<\/a> \u00a0| \u00a0<a href=\"https:\/\/packaging-solutions.focke.com\/de\/data-protection\/\">DATENSCHUTZERKL\u00c4RUNG<\/a><\/p>\n\n\t\t<\/div>\n\t<\/div>\n\n\t\t<\/div>\n\t<\/div>\n\n<\/div>\n<\/div>\n\n<div  class=\"content_row row vc_row wpb_row  default-style fullwidth has-bg-image\" style=\"background-image: url(https:\/\/packaging-solutions.focke.com\/wp-content\/uploads\/2021\/06\/blue_footer-scaled.jpg);background-repeat: no-repeat;background-size: cover;background-attachment: scroll;background-position: center center;background-color: #431493;\">\n\t\n\t<div class=\"content_row_wrapper  nopadding fullwidth\" >\n\t<div class=\"vc_col-sm-12 vc_hidden-lg vc_hidden-md vc_hidden-sm wpb_column vc_column_container\">\n\t\t<div class=\"wpb_wrapper\">\n\t\t\t\n\t<div class=\"wpb_text_column wpb_content_element  vc_custom_1628779840598\" >\n\t\t<div class=\"wpb_wrapper\">\n\t\t\t<p style=\"text-align: center; font-size: 12px;\"><a href=\"https:\/\/packaging-solutions.focke.com\/de\/imprint\/\">IMPRESSUM<\/a> \u00a0| \u00a0<a href=\"https:\/\/packaging-solutions.focke.com\/de\/data-protection\/\">DATENSCHUTZERKL\u00c4RUNG<\/a><\/p>\n\n\t\t<\/div>\n\t<\/div>\n\n\t\t<\/div>\n\t<\/div>\n\n<\/div>\n<\/div>\n<\/div>\n\t\t<\/div>\n\t<\/div>\n\n<\/div>\n<\/div>","protected":false},"excerpt":{"rendered":"DATA PROTECTION Status: July 2023 We, the company Focke Packagaging Solutions, are delighted that you are visiting our website and are looking for information about us. In the following we would like to inform you about the collection of personal data when using our websites. Personal data are all data which refer specifically to you [...]","protected":false},"author":1,"featured_media":0,"parent":0,"menu_order":0,"comment_status":"closed","ping_status":"closed","template":"","meta":{"footnotes":""},"class_list":["post-141","page","type-page","status-publish","hentry"],"_links":{"self":[{"href":"https:\/\/packaging-solutions.focke.com\/de\/wp-json\/wp\/v2\/pages\/141","targetHints":{"allow":["GET"]}}],"collection":[{"href":"https:\/\/packaging-solutions.focke.com\/de\/wp-json\/wp\/v2\/pages"}],"about":[{"href":"https:\/\/packaging-solutions.focke.com\/de\/wp-json\/wp\/v2\/types\/page"}],"author":[{"embeddable":true,"href":"https:\/\/packaging-solutions.focke.com\/de\/wp-json\/wp\/v2\/users\/1"}],"replies":[{"embeddable":true,"href":"https:\/\/packaging-solutions.focke.com\/de\/wp-json\/wp\/v2\/comments?post=141"}],"version-history":[{"count":27,"href":"https:\/\/packaging-solutions.focke.com\/de\/wp-json\/wp\/v2\/pages\/141\/revisions"}],"predecessor-version":[{"id":1059,"href":"https:\/\/packaging-solutions.focke.com\/de\/wp-json\/wp\/v2\/pages\/141\/revisions\/1059"}],"wp:attachment":[{"href":"https:\/\/packaging-solutions.focke.com\/de\/wp-json\/wp\/v2\/media?parent=141"}],"curies":[{"name":"wp","href":"https:\/\/api.w.org\/{rel}","templated":true}]}}